{"id":16,"date":"2021-03-13T19:25:32","date_gmt":"2021-03-13T18:25:32","guid":{"rendered":"https:\/\/dorthehodemacher.de\/?page_id=16"},"modified":"2021-03-30T16:13:43","modified_gmt":"2021-03-30T14:13:43","slug":"dorthe-hodemacher-coaching","status":"publish","type":"page","link":"https:\/\/coaching-hodemacher-hannover.de\/index.php\/dorthe-hodemacher-coaching\/","title":{"rendered":"Coaching"},"content":{"rendered":"<p>[et_pb_section fb_built=&#8220;1&#8243; _builder_version=&#8220;4.9.0&#8243; _module_preset=&#8220;default&#8220; background_image=&#8220;https:\/\/coaching-hodemacher-hannover.de\/wp-content\/uploads\/2021\/03\/dominik-schroder-FIKD9t5_5zQ-unsplash-scaled.jpg&#8220; parallax=&#8220;on&#8220; parallax_method=&#8220;off&#8220; min_height=&#8220;586px&#8220; custom_margin=&#8220;||209px|||&#8220; custom_padding=&#8220;||513px|||&#8220;][et_pb_row _builder_version=&#8220;4.9.0&#8243; _module_preset=&#8220;default&#8220;][et_pb_column type=&#8220;4_4&#8243; _builder_version=&#8220;4.9.0&#8243; _module_preset=&#8220;default&#8220;][et_pb_text _builder_version=&#8220;4.9.0&#8243; _module_preset=&#8220;default&#8220; text_font=&#8220;Alegreya Sans|500|on|||on|||&#8220; text_text_color=&#8220;#474747&#8243; text_font_size=&#8220;37px&#8220; custom_padding=&#8220;||0px|||&#8220;]<\/p>\n<p><span>&#8222;Wer die Zukunft ver\u00e4ndern will, muss sein Handeln in der Gegenwart \u00e4ndern.&#8220;<\/span><\/p>\n<p><span style=\"font-size: 37px;\">Mark Twain<\/span><\/p>\n<p>[\/et_pb_text][\/et_pb_column][\/et_pb_row][et_pb_row column_structure=&#8220;1_2,1_2&#8243; _builder_version=&#8220;4.9.0&#8243; _module_preset=&#8220;default&#8220; width=&#8220;69%&#8220; custom_margin=&#8220;|111px||250px||&#8220; custom_padding=&#8220;|||0px||&#8220;][et_pb_column type=&#8220;1_2&#8243; _builder_version=&#8220;4.9.0&#8243; _module_preset=&#8220;default&#8220;][et_pb_image src=&#8220;https:\/\/coaching-hodemacher-hannover.de\/wp-content\/uploads\/2021\/03\/DSCF9298-scaled.jpg&#8220; title_text=&#8220;DSCF9298&#8243; _builder_version=&#8220;4.9.0&#8243; _module_preset=&#8220;default&#8220; width=&#8220;72.6%&#8220; max_height=&#8220;472px&#8220; custom_padding=&#8220;||0px|||&#8220; filter_saturate=&#8220;87%&#8220; filter_brightness=&#8220;126%&#8220; border_width_all=&#8220;18px&#8220; border_color_all=&#8220;#FFFFFF&#8220;][\/et_pb_image][\/et_pb_column][et_pb_column type=&#8220;1_2&#8243; _builder_version=&#8220;4.9.0&#8243; _module_preset=&#8220;default&#8220;][et_pb_text _builder_version=&#8220;4.9.0&#8243; _module_preset=&#8220;default&#8220; text_font=&#8220;Alegreya Sans||||||||&#8220; text_text_color=&#8220;#474747&#8243; text_font_size=&#8220;22px&#8220; text_line_height=&#8220;1.4em&#8220; background_layout=&#8220;dark&#8220; custom_margin=&#8220;|||-166px||&#8220; custom_padding=&#8220;|||16px||&#8220;]<\/p>\n<p>Manchmal f\u00fchlt sich das Leben z\u00e4h an. Und doch k\u00f6nnen Sie sich genau erinnern, wie Sie fr\u00fcher einmal waren: inspiriert, voller Energie, gut gelaunt. <br \/>Keine Sorge &#8211; da kommen Sie wieder hin!<\/p>\n<p>Ob es darum geht, eine neue Position auszuf\u00fcllen, den n\u00e4chsten Karriereschritt zu identifizieren oder noch mal etwas v\u00f6llig Neues zu wagen &#8211; im Coaching legen wir gemeinsam Ihren Kompass wieder frei.\u00a0<\/p>\n<p>Mein Name ist Dorthe Hodemacher und gerne bin ich f\u00fcr ein Weilchen Ihre pers\u00f6nliche Reisebegleitung auf dem Weg in das Leben Ihrer Wahl.<\/p>\n<p>&nbsp;<\/p>\n<p>Dorthe Hodemacher<\/p>\n<p>&nbsp;<\/p>\n<p>[\/et_pb_text][\/et_pb_column][\/et_pb_row][et_pb_row column_structure=&#8220;1_3,1_3,1_3&#8243; _builder_version=&#8220;4.9.0&#8243; _module_preset=&#8220;default&#8220;][et_pb_column type=&#8220;1_3&#8243; _builder_version=&#8220;4.9.0&#8243; _module_preset=&#8220;default&#8220;][\/et_pb_column][et_pb_column type=&#8220;1_3&#8243; _builder_version=&#8220;4.9.0&#8243; _module_preset=&#8220;default&#8220;][\/et_pb_column][et_pb_column type=&#8220;1_3&#8243; _builder_version=&#8220;4.9.0&#8243; _module_preset=&#8220;default&#8220;][\/et_pb_column][\/et_pb_row][et_pb_row _builder_version=&#8220;4.9.0&#8243; _module_preset=&#8220;default&#8220;][et_pb_column type=&#8220;4_4&#8243; _builder_version=&#8220;4.9.0&#8243; _module_preset=&#8220;default&#8220;][et_pb_text _builder_version=&#8220;4.9.0&#8243; _module_preset=&#8220;default&#8220; text_font=&#8220;Alegreya Sans||||||||&#8220; text_text_color=&#8220;#474747&#8243; text_font_size=&#8220;24px&#8220; text_line_height=&#8220;1.4em&#8220; max_width=&#8220;70.8%&#8220; module_alignment=&#8220;center&#8220;]<\/p>\n<p>WARUM COACHING<span style=\"font-size: 24px;\">\u00a0<\/span><\/p>\n<p>Pers\u00f6nliches Wachstum ist f\u00fcr die meisten Menschen etwas Allt\u00e4gliches. Jeden Tag wachsen wir ein bisschen \u00fcber uns selbst hinaus, entwickeln neue F\u00e4higkeiten und richten uns nach und nach zu unserer vollen Gr\u00f6\u00dfe auf. Doch ab und zu &#8222;hakt&#8220; es hier oder da ein wenig. Wenn der n\u00e4chste Wachstumsschritt gr\u00f6\u00dfer ausf\u00e4llt, als erwartet, wenn der Schritt aus der Komfortzone heraus sich ungewohnt bedr\u00fcckend anf\u00fchlt oder wenn Sie sich einfach mal eine &#8222;zweite Meinung&#8220; von einer au\u00dfenstehenden Person w\u00fcnschen, dann sollten wir uns kennenlernen!<\/p>\n<p>[\/et_pb_text][et_pb_text _builder_version=&#8220;4.9.0&#8243; _module_preset=&#8220;default&#8220; text_font=&#8220;Alegreya Sans||||||||&#8220; text_text_color=&#8220;#474747&#8243; text_font_size=&#8220;24px&#8220; text_line_height=&#8220;1.4em&#8220; max_width=&#8220;70.8%&#8220; module_alignment=&#8220;center&#8220; locked=&#8220;off&#8220; hover_enabled=&#8220;0&#8243; sticky_enabled=&#8220;0&#8243;]&#8220;WEN ICH COACHE<\/p>\n<p>Eigentlich bin ich viel zu neugierig, um mich auf eine einzige Zielgruppe festzulegen. Aber je besser Coach und Coachee sich verstehen, desto mehr kann man zusammen erreichen. Daher liste ich hier mal auf, welche Art von Menschen bisher besonders zufrieden mit meiner Arbeit waren:<\/p>\n<p>&nbsp;<\/p>\n<ul>\n<li>Deutsche Auswanderer und Expats in aller Welt<\/li>\n<li>Internationale Expats, die in Deutschland leben<\/li>\n<p><\/p>\n<li>Frauen, denen gesagt wird, dass sie &#8222;zu dies&#8220; oder &#8222;zu jenes&#8220; sind<\/li>\n<li>Frauen, denen gesagt wird, dass sie sich &#8222;klein machen&#8220;<\/li>\n<li>Frauen, die &#8222;mehr&#8220; wollen &#8211; mehr Karriere, mehr Freiheit, mehr Entspannung<\/li>\n<p><\/p>\n<li>M\u00e4nner, die jetzt immer noch neugierig sind.<\/li>\n<\/ul>\n<p>[\/et_pb_text][et_pb_text _builder_version=&#8220;4.9.0&#8243; _module_preset=&#8220;default&#8220; text_font=&#8220;Alegreya Sans||||||||&#8220; text_text_color=&#8220;#474747&#8243; text_font_size=&#8220;24px&#8220; text_line_height=&#8220;1.4em&#8220; max_width=&#8220;70.8%&#8220; module_alignment=&#8220;center&#8220; locked=&#8220;off&#8220;]<\/p>\n<p>WIE ICH COACHE<\/p>\n<p>In erster Linie h\u00f6re ich Ihnen sehr genau zu. Dann stelle ich Ihnen die richtigen Fragen &#8211; Fragen, die Sie dazu bringen, sich selbst zuzuh\u00f6ren, sich selbst zu verstehen, sich und Ihre Anliegen ernst zu nehmen.\u00a0<br \/>Ich halte Sie dazu an, Ihre Vision f\u00fcr das Leben, das zu Ihnen passt zu entwickeln und begleite Sie auf dem Weg in die Umsetzung. Unterwegs treten oft Blockaden zutage &#8211; unbewusste Glaubenss\u00e4tze manifestieren sich, widerstreitende Gef\u00fchle verstricken Sie in innere K\u00e4mpfe, verschiedene Teile Ihrer Pers\u00f6nlichkeit sabotieren sich gegenseitig, anstatt an einem Strang zu ziehen.\u00a0<br \/>Dann greife ich in meinen Werkzeugkoffer und hole die eine oder andere Geheimwaffe hervor:\u00a0<\/p>\n<p>emTrace Emotionscoaching<br \/>Tapping und EyeSpotting<br \/>Atem\u00fcbungen aus verschiedenen Schulen<br \/>Intuitives Schreiben<br \/>Anteilsarbeit<br \/>Aufstellungsarbeit<\/p>\n<p>[\/et_pb_text][et_pb_text _builder_version=&#8220;4.9.0&#8243; _module_preset=&#8220;default&#8220; text_font=&#8220;Alegreya Sans||||||||&#8220; text_text_color=&#8220;#474747&#8243; text_font_size=&#8220;24px&#8220; text_line_height=&#8220;1.4em&#8220; max_width=&#8220;70.8%&#8220; module_alignment=&#8220;center&#8220; locked=&#8220;off&#8220;]<\/p>\n<p>\u00a0WAS MICH AUSZEICHNET<\/p>\n<p>Ich verbinde Techniken aus den klassisch psychotherapeutischen Bereichen mit aktuellen neurowissenschaftlichen Ans\u00e4tzen. Von Natur aus bin ich mit grenzenloser Neugier ausgestattet, hege ein tiefes Vertrauen in die Welt, bin wohlwollend und warmherzig und mit einem Humor versehen, der sehr ansteckend sein kann. Menschen zu verstehen, in ihren gef\u00fchlten Defiziten handfeste Vorz\u00fcge zu erkennen und sie diese selbst erkennen zu lassen &#8211; all das ist meine Leidenschaft. Deshalb habe ich sie zum Beruf gemacht.<\/p>\n<p style=\"text-align: center;\">Ich bin so frei!<\/p>\n<p>[\/et_pb_text][\/et_pb_column][\/et_pb_row][\/et_pb_section]<\/p>\n","protected":false},"excerpt":{"rendered":"<p>[et_pb_section fb_built=&#8220;1&#8243; _builder_version=&#8220;4.9.0&#8243; _module_preset=&#8220;default&#8220; background_image=&#8220;https:\/\/coaching-hodemacher-hannover.de\/wp-content\/uploads\/2021\/03\/dominik-schroder-FIKD9t5_5zQ-unsplash-scaled.jpg&#8220; parallax=&#8220;on&#8220; parallax_method=&#8220;off&#8220; min_height=&#8220;586px&#8220; custom_margin=&#8220;||209px|||&#8220; custom_padding=&#8220;||513px|||&#8220;][et_pb_row _builder_version=&#8220;4.9.0&#8243; _module_preset=&#8220;default&#8220;][et_pb_column type=&#8220;4_4&#8243; _builder_version=&#8220;4.9.0&#8243; _module_preset=&#8220;default&#8220;][et_pb_text _builder_version=&#8220;4.9.0&#8243; _module_preset=&#8220;default&#8220; text_font=&#8220;Alegreya Sans|500|on|||on|||&#8220; text_text_color=&#8220;#474747&#8243; text_font_size=&#8220;37px&#8220; custom_padding=&#8220;||0px|||&#8220;] &#8222;Wer die Zukunft ver\u00e4ndern will, muss sein Handeln in der Gegenwart \u00e4ndern.&#8220; Mark Twain [\/et_pb_text][\/et_pb_column][\/et_pb_row][et_pb_row column_structure=&#8220;1_2,1_2&#8243; _builder_version=&#8220;4.9.0&#8243; _module_preset=&#8220;default&#8220; width=&#8220;69%&#8220; custom_margin=&#8220;|111px||250px||&#8220; custom_padding=&#8220;|||0px||&#8220;][et_pb_column type=&#8220;1_2&#8243; _builder_version=&#8220;4.9.0&#8243; _module_preset=&#8220;default&#8220;][et_pb_image src=&#8220;https:\/\/coaching-hodemacher-hannover.de\/wp-content\/uploads\/2021\/03\/DSCF9298-scaled.jpg&#8220; title_text=&#8220;DSCF9298&#8243; _builder_version=&#8220;4.9.0&#8243; _module_preset=&#8220;default&#8220; width=&#8220;72.6%&#8220; max_height=&#8220;472px&#8220; custom_padding=&#8220;||0px|||&#8220; filter_saturate=&#8220;87%&#8220; filter_brightness=&#8220;126%&#8220; [&hellip;]<\/p>\n","protected":false},"author":2,"featured_media":0,"parent":0,"menu_order":0,"comment_status":"closed","ping_status":"closed","template":"","meta":{"_et_pb_use_builder":"on","_et_pb_old_content":"","_et_gb_content_width":"","footnotes":""},"class_list":["post-16","page","type-page","status-publish","hentry"],"_links":{"self":[{"href":"https:\/\/coaching-hodemacher-hannover.de\/index.php\/wp-json\/wp\/v2\/pages\/16","targetHints":{"allow":["GET"]}}],"collection":[{"href":"https:\/\/coaching-hodemacher-hannover.de\/index.php\/wp-json\/wp\/v2\/pages"}],"about":[{"href":"https:\/\/coaching-hodemacher-hannover.de\/index.php\/wp-json\/wp\/v2\/types\/page"}],"author":[{"embeddable":true,"href":"https:\/\/coaching-hodemacher-hannover.de\/index.php\/wp-json\/wp\/v2\/users\/2"}],"replies":[{"embeddable":true,"href":"https:\/\/coaching-hodemacher-hannover.de\/index.php\/wp-json\/wp\/v2\/comments?post=16"}],"version-history":[{"count":19,"href":"https:\/\/coaching-hodemacher-hannover.de\/index.php\/wp-json\/wp\/v2\/pages\/16\/revisions"}],"predecessor-version":[{"id":95,"href":"https:\/\/coaching-hodemacher-hannover.de\/index.php\/wp-json\/wp\/v2\/pages\/16\/revisions\/95"}],"wp:attachment":[{"href":"https:\/\/coaching-hodemacher-hannover.de\/index.php\/wp-json\/wp\/v2\/media?parent=16"}],"curies":[{"name":"wp","href":"https:\/\/api.w.org\/{rel}","templated":true}]}}